{"id":20860,"date":"2022-11-06T21:57:35","date_gmt":"2022-11-06T21:57:35","guid":{"rendered":"https:\/\/libranda.com\/universo-cantook\/"},"modified":"2024-12-19T09:52:26","modified_gmt":"2024-12-19T09:52:26","slug":"universo-cantook","status":"publish","type":"page","link":"https:\/\/libranda.com\/pt-pt\/universo-cantook\/","title":{"rendered":"Universo Cantook"},"content":{"rendered":"<p>[et_pb_section fb_built=&#8221;1&#8243; admin_label=&#8221;Header&#8221; _builder_version=&#8221;4.16&#8243; background_color=&#8221;#f8f9fa&#8221; custom_padding=&#8221;||0px|||&#8221; bottom_divider_style=&#8221;wave&#8221; bottom_divider_color=&#8221;#ffffff&#8221; bottom_divider_height=&#8221;160px&#8221; global_colors_info=&#8221;{}&#8221;][et_pb_row column_structure=&#8221;1_2,1_2&#8243; _builder_version=&#8221;4.18.0&#8243; custom_padding=&#8221;0px|||||&#8221; global_colors_info=&#8221;{}&#8221;][et_pb_column type=&#8221;1_2&#8243; _builder_version=&#8221;4.16&#8243; custom_padding=&#8221;50px||||false|false&#8221; global_colors_info=&#8221;{}&#8221;][et_pb_divider color=&#8221;#f9ce6e&#8221; divider_position=&#8221;center&#8221; divider_weight=&#8221;1px&#8221; _builder_version=&#8221;4.16&#8243; width=&#8221;120px&#8221; height=&#8221;7px&#8221; box_shadow_style=&#8221;preset7&#8243; box_shadow_horizontal=&#8221;40px&#8221; box_shadow_vertical=&#8221;0px&#8221; box_shadow_color=&#8221;#f9ce6e&#8221; locked=&#8221;off&#8221; global_colors_info=&#8221;{}&#8221;][\/et_pb_divider][et_pb_text _builder_version=&#8221;4.18.0&#8243; text_font=&#8221;DM Sans||||||||&#8221; text_font_size=&#8221;16px&#8221; text_line_height=&#8221;1.8em&#8221; header_font=&#8221;DM Sans|700|||||||&#8221; header_font_size=&#8221;60px&#8221; header_line_height=&#8221;1.1em&#8221; width=&#8221;100%&#8221; custom_margin=&#8221;|-314px||||&#8221; header_font_size_tablet=&#8221;40px&#8221; header_font_size_phone=&#8221;30px&#8221; header_font_size_last_edited=&#8221;on|phone&#8221; locked=&#8221;off&#8221; global_colors_info=&#8221;{}&#8221;]<\/p>\n<h1>Universo Cantook<\/h1>\n<p style=\"text-align: justify;\">O conjunto de produtos, solu\u00e7\u00f5es e plataformas tecnol\u00f3gicas que oferecemos aos nossos clientes constituem aquilo a que chamamos de <strong>Universo<\/strong> <strong>Cantook<\/strong> porque a Cantook \u00e9 a marca <em>umbrella<\/em> que as alberga: Cantook Editores, Cantook Bibliotecas, Cantook Educa\u00e7ao, etc.<\/p>\n<p style=\"text-align: justify;\">O termo Cantook deriva da palavra inglesa cant-hook, que designa uma ferramenta usada por lenhadores para mover e transportar com mais facilidade e agilidade troncos pesados.<\/p>\n<p style=\"text-align: justify;\">O cant-hook \u00e9 composto por uma vara (originalmente feita de madeira, atualmente de metal) com um gancho numa das extremidades que serve para agarrar o tronco e faz\u00ea-lo rodar. Dai o seu nome: cant = inclinar, e hook = gancho.<\/p>\n<p>&nbsp;<\/p>\n<p>&nbsp;<\/p>\n<p>[\/et_pb_text][\/et_pb_column][et_pb_column type=&#8221;1_2&#8243; _builder_version=&#8221;4.16&#8243; global_colors_info=&#8221;{}&#8221;][et_pb_image src=&#8221;https:\/\/libranda.com\/wp-content\/uploads\/2022\/10\/Cantook.png&#8221; title_text=&#8221;Cantook&#8221; show_bottom_space=&#8221;off&#8221; _builder_version=&#8221;4.18.0&#8243; width_tablet=&#8221;&#8221; width_phone=&#8221;87%&#8221; width_last_edited=&#8221;on|phone&#8221; custom_margin=&#8221;|-42vw|16px||false|false&#8221; custom_margin_tablet=&#8221;|-42vw|16px||false|false&#8221; custom_margin_phone=&#8221;||16px||false|false&#8221; custom_margin_last_edited=&#8221;on|phone&#8221; custom_padding=&#8221;114px|||0px||&#8221; custom_padding_tablet=&#8221;114px|||0px||&#8221; custom_padding_phone=&#8221;0px||||false|false&#8221; custom_padding_last_edited=&#8221;on|phone&#8221; hover_transition_duration=&#8221;0ms&#8221; scroll_vertical_motion_enable=&#8221;on&#8221; scroll_vertical_motion=&#8221;0|50|50|100|1|0|-1&#8243; global_colors_info=&#8221;{}&#8221;][\/et_pb_image][\/et_pb_column][\/et_pb_row][\/et_pb_section][et_pb_section fb_built=&#8221;1&#8243; admin_label=&#8221;Services&#8221; _builder_version=&#8221;4.16&#8243; background_color=&#8221;rgba(0,0,0,0)&#8221; z_index=&#8221;10&#8243; custom_margin=&#8221;-44px|||||&#8221; custom_padding=&#8221;0px||24px|||&#8221; global_colors_info=&#8221;{}&#8221;][et_pb_row _builder_version=&#8221;4.16&#8243; background_color=&#8221;#ffffff&#8221; custom_padding=&#8221;|40px||40px|false|true&#8221; border_radii=&#8221;on|10px|10px|10px|10px&#8221; box_shadow_style=&#8221;preset1&#8243; box_shadow_color=&#8221;rgba(12,113,195,0.13)&#8221; global_colors_info=&#8221;{}&#8221;][et_pb_column type=&#8221;4_4&#8243; _builder_version=&#8221;4.16&#8243; global_colors_info=&#8221;{}&#8221;][et_pb_text _builder_version=&#8221;4.18.0&#8243; text_font=&#8221;DM Sans||||||||&#8221; header_2_font=&#8221;DM Sans|700|||||||&#8221; header_2_text_align=&#8221;center&#8221; header_2_font_size=&#8221;50px&#8221; header_2_line_height=&#8221;1.3em&#8221; header_3_font=&#8221;Playfair Display|700|||||||&#8221; header_3_text_align=&#8221;center&#8221; header_3_text_color=&#8221;#2a3749&#8243; header_3_font_size=&#8221;42px&#8221; header_3_line_height=&#8221;1.3em&#8221; custom_margin=&#8221;||||false|false&#8221; header_2_font_size_tablet=&#8221;32px&#8221; header_2_font_size_phone=&#8221;24px&#8221; header_2_font_size_last_edited=&#8221;on|phone&#8221; locked=&#8221;off&#8221; global_colors_info=&#8221;{}&#8221;]<\/p>\n<h2>O Universo <strong>Cantook <\/strong>\u00e9 composto por:<\/h2>\n<p>[\/et_pb_text][\/et_pb_column][\/et_pb_row][et_pb_row column_structure=&#8221;1_3,1_3,1_3&#8243; _builder_version=&#8221;4.16&#8243; background_color=&#8221;#ffffff&#8221; custom_margin=&#8221;-15px||||false|false&#8221; custom_padding=&#8221;60px|40px|60px|40px|true|true&#8221; border_radii=&#8221;on|10px|10px|10px|10px&#8221; box_shadow_style=&#8221;preset1&#8243; box_shadow_vertical=&#8221;16px&#8221; box_shadow_color=&#8221;rgba(12,113,195,0.13)&#8221; global_colors_info=&#8221;{}&#8221;][et_pb_column type=&#8221;1_3&#8243; _builder_version=&#8221;4.16&#8243; custom_padding=&#8221;||||false|false&#8221; global_colors_info=&#8221;{}&#8221;][et_pb_blurb title=&#8221;Cantook Editores&#8221; image=&#8221;https:\/\/libranda.com\/wp-content\/uploads\/2022\/10\/cantook_editores-172.jpg&#8221; image_icon_width=&#8221;93%&#8221; content_max_width=&#8221;100%&#8221; icon_alignment_tablet=&#8221;&#8221; icon_alignment_phone=&#8221;&#8221; icon_alignment_last_edited=&#8221;on|tablet&#8221; _builder_version=&#8221;4.18.0&#8243; header_font=&#8221;DM Sans|700|||||||&#8221; header_text_align=&#8221;center&#8221; header_font_size=&#8221;20px&#8221; header_line_height=&#8221;1.5em&#8221; body_font=&#8221;DM Sans||||||||&#8221; body_text_align=&#8221;justify&#8221; body_text_color=&#8221;#62748a&#8221; animation=&#8221;off&#8221; global_colors_info=&#8221;{}&#8221;]<\/p>\n<p>Oferecemos aos editores e aos canais (livrarias, bibliotecas, etc.) a plataforma de distribui\u00e7\u00e3o de conte\u00fados digitais mais robusta, segura e completa do mercado. Distribui\u00e7\u00e3o 360\u00ba: da gest\u00e3o de metadados \u00e0 visualiza\u00e7\u00e3o das estat\u00edsticas de vendas.<\/p>\n<p>[\/et_pb_blurb][\/et_pb_column][et_pb_column type=&#8221;1_3&#8243; _builder_version=&#8221;4.16&#8243; global_colors_info=&#8221;{}&#8221;][et_pb_blurb title=&#8221;Cantook Courier&#8221; image=&#8221;https:\/\/libranda.com\/wp-content\/uploads\/2022\/10\/cantook-courier-172.png&#8221; image_icon_width=&#8221;100%&#8221; content_max_width=&#8221;100%&#8221; icon_alignment_tablet=&#8221;&#8221; icon_alignment_phone=&#8221;&#8221; icon_alignment_last_edited=&#8221;on|tablet&#8221; _builder_version=&#8221;4.18.0&#8243; header_font=&#8221;DM Sans|700|||||||&#8221; header_text_align=&#8221;center&#8221; header_font_size=&#8221;20px&#8221; header_line_height=&#8221;1.5em&#8221; body_font=&#8221;DM Sans||||||||&#8221; body_text_align=&#8221;justify&#8221; body_text_color=&#8221;#62748a&#8221; animation=&#8221;off&#8221; global_colors_info=&#8221;{}&#8221;]<\/p>\n<p>Possibilitamos que editores, livrarias, autores ou institui\u00e7\u00f5es fa\u00e7am vendas especiais de determinados conte\u00fados, enviem amostras, realizem campanhas tem\u00e1ticas pontuais, etc.<\/p>\n<p>&nbsp;<\/p>\n<p>[\/et_pb_blurb][\/et_pb_column][et_pb_column type=&#8221;1_3&#8243; _builder_version=&#8221;4.16&#8243; custom_padding=&#8221;||||false|false&#8221; global_colors_info=&#8221;{}&#8221;][et_pb_blurb title=&#8221;Cantook Bibliotecas\/Marketplace&#8221; image=&#8221;https:\/\/libranda.com\/wp-content\/uploads\/2022\/09\/cover_172.jpg&#8221; image_icon_width=&#8221;100%&#8221; content_max_width=&#8221;100%&#8221; icon_alignment_tablet=&#8221;&#8221; icon_alignment_phone=&#8221;&#8221; icon_alignment_last_edited=&#8221;on|tablet&#8221; _builder_version=&#8221;4.18.0&#8243; header_font=&#8221;DM Sans|700|||||||&#8221; header_text_align=&#8221;center&#8221; header_font_size=&#8221;19px&#8221; header_line_height=&#8221;1.5em&#8221; body_font=&#8221;DM Sans||||||||&#8221; body_text_align=&#8221;justify&#8221; body_text_color=&#8221;#62748a&#8221; custom_padding=&#8221;|0px||||&#8221; animation=&#8221;off&#8221; global_colors_info=&#8221;{}&#8221;]<\/p>\n<p>Oferecemos \u00e0s bibliotecas p\u00fablicas, privadas, universit\u00e1rias e institucionais a solu\u00e7\u00e3o mais completa, flex\u00edvel e acess\u00edvel para emprestar e aceder a conte\u00fados digitais, tanto na \u00f3ptica dos utilizadores como dos bibliotec\u00e1rios.<\/p>\n<p>[\/et_pb_blurb][\/et_pb_column][\/et_pb_row][et_pb_row column_structure=&#8221;1_3,1_3,1_3&#8243; _builder_version=&#8221;4.16&#8243; background_color=&#8221;#ffffff&#8221; custom_margin=&#8221;-15px|auto|95px|auto|false|false&#8221; custom_padding=&#8221;0px|40px|0px|40px|true|true&#8221; border_radii=&#8221;on|10px|10px|10px|10px&#8221; box_shadow_style=&#8221;preset1&#8243; box_shadow_vertical=&#8221;16px&#8221; box_shadow_color=&#8221;rgba(12,113,195,0.13)&#8221; global_colors_info=&#8221;{}&#8221;][et_pb_column type=&#8221;1_3&#8243; _builder_version=&#8221;4.16&#8243; custom_padding=&#8221;||||false|false&#8221; global_colors_info=&#8221;{}&#8221;][et_pb_blurb title=&#8221;Cantook Educa\u00e7ao&#8221; image=&#8221;https:\/\/libranda.com\/wp-content\/uploads\/2022\/09\/school_172.png&#8221; content_max_width=&#8221;100%&#8221; icon_alignment_tablet=&#8221;&#8221; icon_alignment_phone=&#8221;&#8221; icon_alignment_last_edited=&#8221;on|tablet&#8221; _builder_version=&#8221;4.18.0&#8243; header_font=&#8221;DM Sans|700|||||||&#8221; header_text_align=&#8221;center&#8221; header_font_size=&#8221;20px&#8221; header_line_height=&#8221;1.5em&#8221; body_font=&#8221;DM Sans||||||||&#8221; body_text_align=&#8221;justify&#8221; body_text_color=&#8221;#62748a&#8221; animation=&#8221;off&#8221; global_colors_info=&#8221;{}&#8221;]<\/p>\n<p>Oferecemos \u00e0s escolas e a outras institui\u00e7\u00f5es de ensino uma solu\u00e7\u00e3o para o acesso a conte\u00fados digitais que visem promover tanto a divulga\u00e7\u00e3o como a compreens\u00e3o da leitura.<\/p>\n<p>[\/et_pb_blurb][\/et_pb_column][et_pb_column type=&#8221;1_3&#8243; _builder_version=&#8221;4.16&#8243; global_colors_info=&#8221;{}&#8221;][et_pb_blurb title=&#8221;MyHTML5&#8243; image=&#8221;https:\/\/libranda.com\/wp-content\/uploads\/2022\/10\/myhtml5-172.png&#8221; content_max_width=&#8221;100%&#8221; icon_alignment_tablet=&#8221;&#8221; icon_alignment_phone=&#8221;&#8221; icon_alignment_last_edited=&#8221;on|tablet&#8221; _builder_version=&#8221;4.18.0&#8243; header_font=&#8221;DM Sans|700|||||||&#8221; header_text_align=&#8221;center&#8221; header_font_size=&#8221;20px&#8221; header_line_height=&#8221;1.5em&#8221; body_font=&#8221;DM Sans||||||||&#8221; body_text_align=&#8221;justify&#8221; body_text_color=&#8221;#62748a&#8221; animation=&#8221;off&#8221; global_colors_info=&#8221;{}&#8221;]<\/p>\n<p>Oferecemos \u00e0s livrarias e a qualquer entidade que queira comercializar conte\u00fados digitais, a solu\u00e7\u00e3o de venda e acesso. mais completa, flex\u00edvel e acess\u00edvel, tanto para o p\u00fablico como para os gestores da plataforma.<\/p>\n<p>[\/et_pb_blurb][\/et_pb_column][et_pb_column type=&#8221;1_3&#8243; _builder_version=&#8221;4.16&#8243; custom_padding=&#8221;||||false|false&#8221; global_colors_info=&#8221;{}&#8221;][et_pb_blurb title=&#8221;Cantook y Market&#8221; image=&#8221;https:\/\/libranda.com\/wp-content\/uploads\/2024\/12\/unnamed.png&#8221; content_max_width=&#8221;100%&#8221; icon_alignment_tablet=&#8221;&#8221; icon_alignment_phone=&#8221;&#8221; icon_alignment_last_edited=&#8221;on|tablet&#8221; _builder_version=&#8221;4.18.0&#8243; header_font=&#8221;DM Sans|700|||||||&#8221; header_text_align=&#8221;center&#8221; header_font_size=&#8221;20px&#8221; header_line_height=&#8221;1.5em&#8221; body_font=&#8221;DM Sans||||||||&#8221; body_text_align=&#8221;justify&#8221; body_text_color=&#8221;#62748a&#8221; animation=&#8221;off&#8221; global_colors_info=&#8221;{}&#8221;]<\/p>\n<p><strong> <\/strong>Disponibilizamos ao p\u00fablico em geral (B2C) a livraria online Feedbooks e a aplica\u00e7\u00e3o Cntook (iOS e Android) para a leitura dos seus conte\u00fados digitais.<\/p>\n<p>[\/et_pb_blurb][\/et_pb_column][\/et_pb_row][\/et_pb_section][et_pb_section fb_built=&#8221;1&#8243; prev_background_color=&#8221;rgba(0,0,0,0)&#8221; admin_label=&#8221;Feature&#8221; _builder_version=&#8221;4.16&#8243; background_color=&#8221;#f8f9fa&#8221; overflow-x=&#8221;hidden&#8221; overflow-y=&#8221;hidden&#8221; custom_margin=&#8221;||-7px|||&#8221; top_divider_style=&#8221;wave&#8221; top_divider_flip=&#8221;horizontal&#8221; locked=&#8221;off&#8221; global_colors_info=&#8221;{}&#8221;][\/et_pb_section][et_pb_section fb_built=&#8221;1&#8243; _builder_version=&#8221;4.18.0&#8243; _module_preset=&#8221;default&#8221; background_color=&#8221;#E09900&#8243; custom_margin=&#8221;-204px|||||&#8221; custom_padding=&#8221;0px||0px|||&#8221; border_color_all=&#8221;RGBA(255,255,255,0)&#8221; box_shadow_style=&#8221;preset2&#8243; global_colors_info=&#8221;{}&#8221;][et_pb_row column_structure=&#8221;1_3,1_3,1_3&#8243; _builder_version=&#8221;4.18.0&#8243; _module_preset=&#8221;default&#8221; custom_padding=&#8221;||0px|||&#8221; global_colors_info=&#8221;{}&#8221;][et_pb_column type=&#8221;1_3&#8243; _builder_version=&#8221;4.18.0&#8243; _module_preset=&#8221;default&#8221; global_colors_info=&#8221;{}&#8221;][et_pb_image src=&#8221;https:\/\/libranda.com\/wp-content\/uploads\/2022\/10\/lecture_laptop_300.png&#8221; title_text=&#8221;lecture_laptop_300&#8243; _builder_version=&#8221;4.18.0&#8243; _module_preset=&#8221;default&#8221; width_tablet=&#8221;&#8221; width_phone=&#8221;55%&#8221; width_last_edited=&#8221;on|phone&#8221; custom_padding=&#8221;0px|73px||||&#8221; global_colors_info=&#8221;{}&#8221;][\/et_pb_image][\/et_pb_column][et_pb_column type=&#8221;1_3&#8243; _builder_version=&#8221;4.18.0&#8243; _module_preset=&#8221;default&#8221; global_colors_info=&#8221;{}&#8221;][\/et_pb_column][et_pb_column type=&#8221;1_3&#8243; _builder_version=&#8221;4.18.0&#8243; _module_preset=&#8221;default&#8221; global_colors_info=&#8221;{}&#8221;][et_pb_sidebar _builder_version=&#8221;4.18.0&#8243; _module_preset=&#8221;default&#8221; hover_enabled=&#8221;0&#8243; sticky_enabled=&#8221;0&#8243; custom_margin=&#8221;||83px|||&#8221;][\/et_pb_sidebar][et_pb_social_media_follow _builder_version=&#8221;4.18.0&#8243; _module_preset=&#8221;default&#8221; text_orientation=&#8221;right&#8221; global_colors_info=&#8221;{}&#8221;][et_pb_social_media_follow_network social_network=&#8221;linkedin&#8221; url=&#8221;https:\/\/www.linkedin.com\/company\/libranda&#8221; _builder_version=&#8221;4.18.0&#8243; _module_preset=&#8221;default&#8221; background_color=&#8221;#007bb6&#8243; global_colors_info=&#8221;{}&#8221; follow_button=&#8221;off&#8221; url_new_window=&#8221;on&#8221;]linkedin[\/et_pb_social_media_follow_network][et_pb_social_media_follow_network social_network=&#8221;instagram&#8221; _builder_version=&#8221;4.18.0&#8243; _module_preset=&#8221;default&#8221; background_color=&#8221;#ea2c59&#8243; global_colors_info=&#8221;{}&#8221; follow_button=&#8221;off&#8221; url_new_window=&#8221;on&#8221;]instagram[\/et_pb_social_media_follow_network][\/et_pb_social_media_follow][\/et_pb_column][\/et_pb_row][\/et_pb_section]<\/p>\n","protected":false},"excerpt":{"rendered":"<p>Universo Cantook O conjunto de produtos, solu\u00e7\u00f5es e plataformas tecnol\u00f3gicas que oferecemos aos nossos clientes constituem aquilo a que chamamos de Universo Cantook porque a Cantook \u00e9 a marca umbrella que as alberga: Cantook Editores, Cantook Bibliotecas, Cantook Educa\u00e7ao, etc. O termo Cantook deriva da palavra inglesa cant-hook, que designa uma ferramenta usada por lenhadores [&hellip;]<\/p>\n","protected":false},"author":1,"featured_media":0,"parent":0,"menu_order":47,"comment_status":"closed","ping_status":"closed","template":"","meta":{"_et_pb_use_builder":"on","_et_pb_old_content":"","_et_gb_content_width":"","footnotes":""},"_links":{"self":[{"href":"https:\/\/libranda.com\/pt-pt\/wp-json\/wp\/v2\/pages\/20860"}],"collection":[{"href":"https:\/\/libranda.com\/pt-pt\/wp-json\/wp\/v2\/pages"}],"about":[{"href":"https:\/\/libranda.com\/pt-pt\/wp-json\/wp\/v2\/types\/page"}],"author":[{"embeddable":true,"href":"https:\/\/libranda.com\/pt-pt\/wp-json\/wp\/v2\/users\/1"}],"replies":[{"embeddable":true,"href":"https:\/\/libranda.com\/pt-pt\/wp-json\/wp\/v2\/comments?post=20860"}],"version-history":[{"count":26,"href":"https:\/\/libranda.com\/pt-pt\/wp-json\/wp\/v2\/pages\/20860\/revisions"}],"predecessor-version":[{"id":23311,"href":"https:\/\/libranda.com\/pt-pt\/wp-json\/wp\/v2\/pages\/20860\/revisions\/23311"}],"wp:attachment":[{"href":"https:\/\/libranda.com\/pt-pt\/wp-json\/wp\/v2\/media?parent=20860"}],"curies":[{"name":"wp","href":"https:\/\/api.w.org\/{rel}","templated":true}]}}